{"id":216,"date":"2015-12-18T09:10:07","date_gmt":"2015-12-18T09:10:07","guid":{"rendered":"http:\/\/ulliform.se\/?page_id=216"},"modified":"2016-06-22T12:06:05","modified_gmt":"2016-06-22T12:06:05","slug":"kjolar","status":"publish","type":"page","link":"http:\/\/ulliform.se\/?page_id=216","title":{"rendered":"Ullkjolar"},"content":{"rendered":"<div>\n<div class=\"csRow\">\n<div>\n<p>V\u00e5ra ullkjolar finns i flera olika storlekar, l\u00e4ngder, ytm\u00f6nster och <a href=\"http:\/\/ulliform.se\/?page_id=321\" target=\"_blank\">f\u00e4rger.<\/a><\/p>\n<p>Storlek\u00a0\u00a0\u00a0\u00a0\u00a0\u00a0\u00a0\u00a0\u00a0\u00a0\u00a0\u00a0\u00a0\u00a0\u00a0 Midjem\u00e5tt\u00a0 \u00a0\u00a0\u00a0\u00a0\u00a0\u00a0\u00a0\u00a0\u00a0\u00a0\u00a0\u00a0\u00a0\u00a0 V\u00e4lj bland fyra l\u00e4ngder:<\/p>\n<p>S\u00a0\u00a0\u00a0\u00a0\u00a0\u00a0\u00a0\u00a0\u00a0\u00a0\u00a0\u00a0\u00a0\u00a0\u00a0\u00a0\u00a0\u00a0\u00a0\u00a0\u00a0\u00a0\u00a0\u00a0\u00a0\u00a0\u00a0\u00a0\u00a0 64 &#8211; 69 cm\u00a0\u00a0\u00a0\u00a0\u00a0\u00a0\u00a0\u00a0\u00a0\u00a0\u00a0\u00a0\u00a0\u00a0\u00a0\u00a0\u00a0 Kort \u00a0 \u00a0 \u00a0 \u00a0 \u00a0 42 &#8211; 49 cm<br \/>\nM \u00a0 \u00a0 \u00a0 \u00a0 \u00a0 \u00a0 \u00a0 \u00a0 \u00a0 \u00a0 \u00a0 \u00a0 \u00a0\u00a0 70\u00a0 &#8211; 77 cm\u00a0 \u00a0\u00a0\u00a0\u00a0\u00a0\u00a0\u00a0\u00a0\u00a0\u00a0\u00a0\u00a0\u00a0\u00a0 Mellan\u00a0\u00a0\u00a0\u00a0\u00a0 50 &#8211; 56 cm<br \/>\nL \u00a0 \u00a0 \u00a0 \u00a0 \u00a0 \u00a0 \u00a0 \u00a0 \u00a0 \u00a0 \u00a0 \u00a0 \u00a0 \u00a0\u00a0 78\u00a0 &#8211; 85 cm\u00a0\u00a0\u00a0\u00a0\u00a0\u00a0\u00a0\u00a0\u00a0\u00a0\u00a0\u00a0\u00a0\u00a0\u00a0\u00a0 L\u00e5ng\u00a0\u00a0\u00a0\u00a0\u00a0\u00a0\u00a0\u00a0\u00a0\u00a0 57 &#8211; 65 cm<br \/>\nXL\u00a0\u00a0\u00a0\u00a0\u00a0\u00a0\u00a0\u00a0\u00a0\u00a0\u00a0\u00a0\u00a0\u00a0\u00a0\u00a0\u00a0\u00a0\u00a0\u00a0\u00a0\u00a0\u00a0\u00a0\u00a0\u00a0 86 &#8211; 91 cm \u00a0 \u00a0\u00a0\u00a0\u00a0\u00a0\u00a0\u00a0\u00a0\u00a0\u00a0\u00a0\u00a0\u00a0\u00a0 Maxi\u00a0\u00a0\u00a0\u00a0\u00a0\u00a0\u00a0\u00a0\u00a0 fotsida<\/p>\n<\/div>\n<div>\n<div>\n<div><\/div>\n<div>\n<figure id=\"attachment_220\" aria-describedby=\"caption-attachment-220\" style=\"width: 300px\" class=\"wp-caption alignnone\"><img decoding=\"async\" loading=\"lazy\" class=\"size-medium wp-image-220\" src=\"http:\/\/statistik.ulliform.se\/2015\/12\/Riddarros-300x281.jpg\" alt=\"Riddarros\" width=\"300\" height=\"281\" srcset=\"http:\/\/statistik.ulliform.se\/2015\/12\/Riddarros-300x281.jpg 300w, http:\/\/statistik.ulliform.se\/2015\/12\/Riddarros.jpg 646w\" sizes=\"(max-width: 300px) 100vw, 300px\" \/><figcaption id=\"caption-attachment-220\" class=\"wp-caption-text\">Riddarros<\/figcaption><\/figure>\n<figure id=\"attachment_238\" aria-describedby=\"caption-attachment-238\" style=\"width: 300px\" class=\"wp-caption alignnone\"><img decoding=\"async\" loading=\"lazy\" class=\"size-medium wp-image-238\" src=\"http:\/\/statistik.ulliform.se\/2015\/12\/Cirkla-300x260.jpg\" alt=\"Cirkla\" width=\"300\" height=\"260\" srcset=\"http:\/\/statistik.ulliform.se\/2015\/12\/Cirkla-300x260.jpg 300w, http:\/\/statistik.ulliform.se\/2015\/12\/Cirkla.jpg 569w\" sizes=\"(max-width: 300px) 100vw, 300px\" \/><figcaption id=\"caption-attachment-238\" class=\"wp-caption-text\">Cirkla<\/figcaption><\/figure>\n<figure id=\"attachment_217\" aria-describedby=\"caption-attachment-217\" style=\"width: 300px\" class=\"wp-caption alignnone\"><img decoding=\"async\" loading=\"lazy\" class=\"size-medium wp-image-217\" src=\"http:\/\/statistik.ulliform.se\/2015\/12\/Blomma-300x242.jpg\" alt=\"Blomma\" width=\"300\" height=\"242\" srcset=\"http:\/\/statistik.ulliform.se\/2015\/12\/Blomma-300x242.jpg 300w, http:\/\/statistik.ulliform.se\/2015\/12\/Blomma.jpg 578w\" sizes=\"(max-width: 300px) 100vw, 300px\" \/><figcaption id=\"caption-attachment-217\" class=\"wp-caption-text\">Blomma<\/figcaption><\/figure>\n<\/div>\n<\/div>\n<\/div>\n<\/div>\n<\/div>\n<div><\/div>\n<div>\n<figure id=\"attachment_241\" aria-describedby=\"caption-attachment-241\" style=\"width: 300px\" class=\"wp-caption alignnone\"><img decoding=\"async\" loading=\"lazy\" class=\"size-medium wp-image-241\" src=\"http:\/\/statistik.ulliform.se\/2015\/12\/Selbu-2-300x262.jpg\" alt=\"Selbu\" width=\"300\" height=\"262\" srcset=\"http:\/\/statistik.ulliform.se\/2015\/12\/Selbu-2-300x262.jpg 300w, http:\/\/statistik.ulliform.se\/2015\/12\/Selbu-2.jpg 553w\" sizes=\"(max-width: 300px) 100vw, 300px\" \/><figcaption id=\"caption-attachment-241\" class=\"wp-caption-text\">Selbu<\/figcaption><\/figure>\n<\/div>\n<figure id=\"attachment_242\" aria-describedby=\"caption-attachment-242\" style=\"width: 300px\" class=\"wp-caption alignnone\"><img decoding=\"async\" loading=\"lazy\" class=\"size-medium wp-image-242\" src=\"http:\/\/statistik.ulliform.se\/2015\/12\/Blomster-2-300x276.jpg\" alt=\"Blomster 500\" width=\"300\" height=\"276\" srcset=\"http:\/\/statistik.ulliform.se\/2015\/12\/Blomster-2-300x276.jpg 300w, http:\/\/statistik.ulliform.se\/2015\/12\/Blomster-2.jpg 556w\" sizes=\"(max-width: 300px) 100vw, 300px\" \/><figcaption id=\"caption-attachment-242\" class=\"wp-caption-text\">Blomster<\/figcaption><\/figure>\n<figure id=\"attachment_222\" aria-describedby=\"caption-attachment-222\" style=\"width: 300px\" class=\"wp-caption alignnone\"><img decoding=\"async\" loading=\"lazy\" class=\"size-medium wp-image-222\" src=\"http:\/\/statistik.ulliform.se\/2015\/12\/Tindra-300x268.jpg\" alt=\"Tindra\" width=\"300\" height=\"268\" srcset=\"http:\/\/statistik.ulliform.se\/2015\/12\/Tindra-300x268.jpg 300w, http:\/\/statistik.ulliform.se\/2015\/12\/Tindra.jpg 572w\" sizes=\"(max-width: 300px) 100vw, 300px\" \/><figcaption id=\"caption-attachment-222\" class=\"wp-caption-text\">Tindra<\/figcaption><\/figure>\n<figure id=\"attachment_351\" aria-describedby=\"caption-attachment-351\" style=\"width: 300px\" class=\"wp-caption alignnone\"><img decoding=\"async\" loading=\"lazy\" class=\"size-medium wp-image-351\" src=\"http:\/\/statistik.ulliform.se\/2015\/12\/image-2-300x300.jpeg\" alt=\"Fj\u00e4de\" width=\"300\" height=\"300\" srcset=\"http:\/\/statistik.ulliform.se\/2015\/12\/image-2-300x300.jpeg 300w, http:\/\/statistik.ulliform.se\/2015\/12\/image-2.jpeg 574w\" sizes=\"(max-width: 300px) 100vw, 300px\" \/><figcaption id=\"caption-attachment-351\" class=\"wp-caption-text\">Fj\u00e4der<\/figcaption><\/figure>\n<div><\/div>\n<p><span style=\"border-radius: 2px; text-indent: 20px; width: auto; padding: 0px 4px 0px 0px; text-align: center; font: bold 11px\/20px 'Helvetica Neue',Helvetica,sans-serif; color: #ffffff; background: #bd081c  no-repeat scroll 3px 50% \/ 14px 14px; position: absolute; opacity: 1; z-index: 8675309; display: none; cursor: pointer;\">Spara<\/span><\/p>\n","protected":false},"excerpt":{"rendered":"<p>V\u00e5ra ullkjolar finns i flera olika storlekar, l\u00e4ngder, ytm\u00f6nster och f\u00e4rger. Storlek\u00a0\u00a0\u00a0\u00a0\u00a0\u00a0\u00a0\u00a0\u00a0\u00a0\u00a0\u00a0\u00a0\u00a0\u00a0 Midjem\u00e5tt\u00a0 \u00a0\u00a0\u00a0\u00a0\u00a0\u00a0\u00a0\u00a0\u00a0\u00a0\u00a0\u00a0\u00a0\u00a0 V\u00e4lj bland fyra l\u00e4ngder: S\u00a0\u00a0\u00a0\u00a0\u00a0\u00a0\u00a0\u00a0\u00a0\u00a0\u00a0\u00a0\u00a0\u00a0\u00a0\u00a0\u00a0\u00a0\u00a0\u00a0\u00a0\u00a0\u00a0\u00a0\u00a0\u00a0\u00a0\u00a0\u00a0 64 &#8211; 69 cm\u00a0\u00a0\u00a0\u00a0\u00a0\u00a0\u00a0\u00a0\u00a0\u00a0\u00a0\u00a0\u00a0\u00a0\u00a0\u00a0\u00a0 Kort \u00a0 \u00a0 \u00a0 \u00a0 \u00a0 42 &#8211; 49 cm M \u00a0 \u00a0 \u00a0 \u00a0 \u00a0 \u00a0 \u00a0 \u00a0 \u00a0 \u00a0 \u00a0 \u00a0 \u00a0\u00a0 70\u00a0 &#8211; 77 cm\u00a0 \u00a0\u00a0\u00a0\u00a0\u00a0\u00a0\u00a0\u00a0\u00a0\u00a0\u00a0\u00a0\u00a0\u00a0 Mellan\u00a0\u00a0\u00a0\u00a0\u00a0 50 &#8211; &hellip; <a href=\"http:\/\/ulliform.se\/?page_id=216\" class=\"more-link\">Forts\u00e4tt l\u00e4sa <span class=\"screen-reader-text\">Ullkjolar<\/span> <span class=\"meta-nav\">&rarr;<\/span><\/a><\/p>\n","protected":false},"author":255,"featured_media":0,"parent":0,"menu_order":0,"comment_status":"closed","ping_status":"open","template":"","meta":{"_exactmetrics_skip_tracking":false,"_exactmetrics_sitenote_active":false,"_exactmetrics_sitenote_note":"","_exactmetrics_sitenote_category":0,"_monsterinsights_skip_tracking":false,"_monsterinsights_sitenote_active":false,"_monsterinsights_sitenote_note":"","_monsterinsights_sitenote_category":0},"_links":{"self":[{"href":"http:\/\/ulliform.se\/index.php?rest_route=\/wp\/v2\/pages\/216"}],"collection":[{"href":"http:\/\/ulliform.se\/index.php?rest_route=\/wp\/v2\/pages"}],"about":[{"href":"http:\/\/ulliform.se\/index.php?rest_route=\/wp\/v2\/types\/page"}],"author":[{"embeddable":true,"href":"http:\/\/ulliform.se\/index.php?rest_route=\/wp\/v2\/users\/255"}],"replies":[{"embeddable":true,"href":"http:\/\/ulliform.se\/index.php?rest_route=%2Fwp%2Fv2%2Fcomments&post=216"}],"version-history":[{"count":40,"href":"http:\/\/ulliform.se\/index.php?rest_route=\/wp\/v2\/pages\/216\/revisions"}],"predecessor-version":[{"id":352,"href":"http:\/\/ulliform.se\/index.php?rest_route=\/wp\/v2\/pages\/216\/revisions\/352"}],"wp:attachment":[{"href":"http:\/\/ulliform.se\/index.php?rest_route=%2Fwp%2Fv2%2Fmedia&parent=216"}],"curies":[{"name":"wp","href":"https:\/\/api.w.org\/{rel}","templated":true}]}}