{"id":321,"date":"2015-12-18T14:43:46","date_gmt":"2015-12-18T14:43:46","guid":{"rendered":"http:\/\/ulliform.se\/?page_id=321"},"modified":"2015-12-18T15:42:46","modified_gmt":"2015-12-18T15:42:46","slug":"kjolfarger","status":"publish","type":"page","link":"https:\/\/ulliform.se\/?page_id=321","title":{"rendered":"Kjolf\u00e4rger"},"content":{"rendered":"<p>H\u00e4r nedan visas n\u00e5gra av v\u00e5ra f\u00e4rgkombinationer, som kund kan Du \u00f6nska precis den f\u00e4rgkombination du vill f\u00f6rutsatt att vi har dessa f\u00e4rger i lager.<\/p>\n<p>Klicka <a href=\"http:\/\/ulliform.se\/?page_id=332\" target=\"_blank\">h\u00e4r<\/a> om du vill se hur kjolarna ser ut p\u00e5 v\u00e5r modell Caroline.<\/p>\n<div id=\"metaslider-id-247\" style=\"max-width: 900px;\" class=\"ml-slider-3-33-0 metaslider metaslider-nivo metaslider-247 ml-slider ms-theme-default\" role=\"region\" aria-roledescription=\"Slideshow\" aria-label=\"Slideshow\">\n    <div id=\"metaslider_container_247\">\n        <div class='slider-wrapper theme-default'><div class='ribbon'><\/div><div id='metaslider_247' class='nivoSlider'><img src=\"https:\/\/statistik.ulliform.se\/2014\/03\/cirkla-900x400.jpg\" height=\"400\" width=\"900\" data-caption=\"Cirkla -  grafitgr&aring; med gr&aring;tt, turkos, gr&ouml;n och rosa m&ouml;nster\" alt=\"\" class=\"slider-247 slide-60\" \/><img src=\"https:\/\/statistik.ulliform.se\/2014\/03\/blomma-900x400.jpg\" height=\"400\" width=\"900\" data-caption=\"Blomma -  grafitgr&aring; med gr&aring;tt, orange, turkos, gr&ouml;n och rosa m&ouml;nster\" alt=\"\" class=\"slider-247 slide-59\" \/><img src=\"https:\/\/statistik.ulliform.se\/2014\/03\/kl\u00f6ver-900x400.jpg\" height=\"400\" width=\"900\" data-caption=\"Kl&ouml;ver -  grafitgr&aring; med gr&aring;tt, orange, turkos, gr&ouml;n och rosa m&ouml;nster\" alt=\"\" class=\"slider-247 slide-61\" \/><img src=\"https:\/\/statistik.ulliform.se\/2014\/03\/tindra-900x400.jpg\" height=\"400\" width=\"900\" data-caption=\"Tindra -  grafitgr&aring; med orange, turkos, gr&ouml;n eller rosa m&ouml;nster\" alt=\"\" class=\"slider-247 slide-62\" \/><\/div><\/div>\n        \n    <\/div>\n<\/div>\n","protected":false},"excerpt":{"rendered":"<p>H\u00e4r nedan visas n\u00e5gra av v\u00e5ra f\u00e4rgkombinationer, som kund kan Du \u00f6nska precis den f\u00e4rgkombination du vill f\u00f6rutsatt att vi har dessa f\u00e4rger i lager. Klicka h\u00e4r om du vill se hur kjolarna ser ut p\u00e5 v\u00e5r modell Caroline.<\/p>\n","protected":false},"author":255,"featured_media":0,"parent":0,"menu_order":0,"comment_status":"closed","ping_status":"closed","template":"","meta":{"_exactmetrics_skip_tracking":false,"_exactmetrics_sitenote_active":false,"_exactmetrics_sitenote_note":"","_exactmetrics_sitenote_category":0,"_monsterinsights_skip_tracking":false,"_monsterinsights_sitenote_active":false,"_monsterinsights_sitenote_note":"","_monsterinsights_sitenote_category":0},"_links":{"self":[{"href":"https:\/\/ulliform.se\/index.php?rest_route=\/wp\/v2\/pages\/321"}],"collection":[{"href":"https:\/\/ulliform.se\/index.php?rest_route=\/wp\/v2\/pages"}],"about":[{"href":"https:\/\/ulliform.se\/index.php?rest_route=\/wp\/v2\/types\/page"}],"author":[{"embeddable":true,"href":"https:\/\/ulliform.se\/index.php?rest_route=\/wp\/v2\/users\/255"}],"replies":[{"embeddable":true,"href":"https:\/\/ulliform.se\/index.php?rest_route=%2Fwp%2Fv2%2Fcomments&post=321"}],"version-history":[{"count":5,"href":"https:\/\/ulliform.se\/index.php?rest_route=\/wp\/v2\/pages\/321\/revisions"}],"predecessor-version":[{"id":343,"href":"https:\/\/ulliform.se\/index.php?rest_route=\/wp\/v2\/pages\/321\/revisions\/343"}],"wp:attachment":[{"href":"https:\/\/ulliform.se\/index.php?rest_route=%2Fwp%2Fv2%2Fmedia&parent=321"}],"curies":[{"name":"wp","href":"https:\/\/api.w.org\/{rel}","templated":true}]}}