{"id":33,"date":"2014-03-20T09:24:50","date_gmt":"2014-03-20T09:24:50","guid":{"rendered":"http:\/\/ulliform.se\/?page_id=33"},"modified":"2023-08-01T11:57:42","modified_gmt":"2023-08-01T11:57:42","slug":"hem","status":"publish","type":"page","link":"https:\/\/ulliform.se\/","title":{"rendered":""},"content":{"rendered":"<div class=\"csRow\">\n<div class=\"csColumnGap\" style=\"margin: 0px; padding: 0px; float: left; width: 1.56%;\"><img decoding=\"async\" src=\"http:\/\/ulliform.se\/wp-content\/plugins\/advanced-wp-columns\/assets\/js\/plugins\/views\/img\/1x1-pixel.png\" alt=\"\" \/><\/div>\n<div class=\"csColumn\" style=\"margin: 0px; padding: 0px; float: left; width: 27.9%;\" data-csid=\"12dccdc4-377e-ff92-ad9a-a268771f85ec\" data-cswidth=\"27.9%\" data-csendpoint=\"282.99998779296874\" data-csstartpoint=\"15.000003051757812\">\n<p><a href=\"http:\/\/statistik.ulliform.se\/2014\/09\/IMG_0291-e1414414353125.jpg\"><img decoding=\"async\" loading=\"lazy\" class=\"alignleft wp-image-171 \" src=\"http:\/\/statistik.ulliform.se\/2014\/09\/IMG_0291-144x300.jpg\" alt=\"IMG_0291\" width=\"188\" height=\"392\" \/><\/a><\/p>\n<\/div>\n<div class=\"csColumnGap\" style=\"margin: 0px; padding: 0px; float: left; width: 4.58%;\"><img decoding=\"async\" src=\"http:\/\/ulliform.se\/wp-content\/plugins\/advanced-wp-columns\/assets\/js\/plugins\/views\/img\/1x1-pixel.png\" alt=\"\" \/><\/div>\n<div class=\"csColumn\" style=\"margin: 0px; padding: 0px; float: left; width: 49.2%;\" data-csid=\"099934c8-5c9a-220e-98d8-361bfa6178e0\" data-cswidth=\"49.2%\" data-csendpoint=\"798.9999877929688\" data-csstartpoint=\"326.99998779296874\">\n<p style=\"text-align: left;\">Vi \u00e4r tv\u00e5 f\u00f6retagare, Gunilla Classon och Lena Persson som anv\u00e4nder varum\u00e4rket <strong>ull i form<\/strong> f\u00f6r gemensamt framtagna stickade produkter. Vi stickar p\u00e5 handdrivna stickmaskiner och anv\u00e4nder garn spunnet av ull fr\u00e5n f\u00e5r och alpackor som ibland \u00e4r uppblandad med silke. <strong>M\u00f6nstrade ullkjolar<\/strong> \u00e4r en specialitet, men vi stickar \u00e4ven tunikor, koftor, muddar, sjalar och m\u00f6ssor av b\u00e4sta kvalitet.<\/p>\n<p style=\"text-align: left;\">Vi s\u00e4ljer v\u00e5ra produkter p\u00e5 Gaupa Hantverk i \u00d6stersund, men tar \u00e4ven emot best\u00e4llningar per mail. Ni kan ocks\u00e5 enligt \u00f6verenskommelse bes\u00f6ka oss i v\u00e5r verkstad i \u00c5s.<\/p>\n<\/div>\n<div class=\"csColumnGap\" style=\"margin: 0px; padding: 0px; float: left; width: 16.8%;\"><img decoding=\"async\" src=\"http:\/\/ulliform.se\/wp-content\/plugins\/advanced-wp-columns\/assets\/js\/plugins\/views\/img\/1x1-pixel.png\" alt=\"\" \/><\/div>\n<div style=\"clear: both; float: none; display: block; visibility: hidden; width: 0px; font-size: 0px; line-height: 0;\"><\/div>\n<\/div>\n<p><br class=\"nc\" \/><br class=\"nc\" \/><br class=\"nc\" \/><br class=\"nc\" \/><\/p>\n<p><span style=\"border-radius: 2px; text-indent: 20px; width: auto; padding: 0px 4px 0px 0px; text-align: center; font: bold 11px\/20px 'Helvetica Neue',Helvetica,sans-serif; color: #ffffff; background: #bd081c  no-repeat scroll 3px 50% \/ 14px 14px; position: absolute; opacity: 1; z-index: 8675309; display: none; cursor: pointer;\">Spara<\/span><\/p>\n","protected":false},"excerpt":{"rendered":"<p>Vi \u00e4r tv\u00e5 f\u00f6retagare, Gunilla Classon och Lena Persson som anv\u00e4nder varum\u00e4rket ull i form f\u00f6r gemensamt framtagna stickade produkter. Vi stickar p\u00e5 handdrivna stickmaskiner och anv\u00e4nder garn spunnet av ull fr\u00e5n f\u00e5r och alpackor som ibland \u00e4r uppblandad med silke. M\u00f6nstrade ullkjolar \u00e4r en specialitet, men vi stickar \u00e4ven tunikor, koftor, muddar, sjalar och &hellip; <a href=\"https:\/\/ulliform.se\/\" class=\"more-link\">Forts\u00e4tt l\u00e4sa <span class=\"screen-reader-text\"><\/span> <span class=\"meta-nav\">&rarr;<\/span><\/a><\/p>\n","protected":false},"author":1,"featured_media":0,"parent":0,"menu_order":0,"comment_status":"closed","ping_status":"closed","template":"page-templates\/full-width.php","meta":{"_exactmetrics_skip_tracking":false,"_exactmetrics_sitenote_active":false,"_exactmetrics_sitenote_note":"","_exactmetrics_sitenote_category":0,"_monsterinsights_skip_tracking":false,"_monsterinsights_sitenote_active":false,"_monsterinsights_sitenote_note":"","_monsterinsights_sitenote_category":0},"_links":{"self":[{"href":"https:\/\/ulliform.se\/index.php?rest_route=\/wp\/v2\/pages\/33"}],"collection":[{"href":"https:\/\/ulliform.se\/index.php?rest_route=\/wp\/v2\/pages"}],"about":[{"href":"https:\/\/ulliform.se\/index.php?rest_route=\/wp\/v2\/types\/page"}],"author":[{"embeddable":true,"href":"https:\/\/ulliform.se\/index.php?rest_route=\/wp\/v2\/users\/1"}],"replies":[{"embeddable":true,"href":"https:\/\/ulliform.se\/index.php?rest_route=%2Fwp%2Fv2%2Fcomments&post=33"}],"version-history":[{"count":21,"href":"https:\/\/ulliform.se\/index.php?rest_route=\/wp\/v2\/pages\/33\/revisions"}],"predecessor-version":[{"id":364,"href":"https:\/\/ulliform.se\/index.php?rest_route=\/wp\/v2\/pages\/33\/revisions\/364"}],"wp:attachment":[{"href":"https:\/\/ulliform.se\/index.php?rest_route=%2Fwp%2Fv2%2Fmedia&parent=33"}],"curies":[{"name":"wp","href":"https:\/\/api.w.org\/{rel}","templated":true}]}}