{"id":35,"date":"2014-03-20T09:25:59","date_gmt":"2014-03-20T09:25:59","guid":{"rendered":"http:\/\/ulliform.se\/?page_id=35"},"modified":"2015-12-18T15:36:19","modified_gmt":"2015-12-18T15:36:19","slug":"stick-kit","status":"publish","type":"page","link":"https:\/\/ulliform.se\/?page_id=35","title":{"rendered":"Stick-Kit"},"content":{"rendered":"<div id=\"metaslider-id-338\" style=\"max-width: 500px;\" class=\"ml-slider-3-33-0 metaslider metaslider-nivo metaslider-338 ml-slider ms-theme-default\" role=\"region\" aria-roledescription=\"Slideshow\" aria-label=\"Slideshow\">\n    <div id=\"metaslider_container_338\">\n        <div class='slider-wrapper theme-default'><div class='ribbon'><\/div><div id='metaslider_338' class='nivoSlider'><img src=\"https:\/\/statistik.ulliform.se\/2014\/04\/Ada-481x674.jpg\" height=\"700\" width=\"500\" data-caption=\"Ada\" alt=\"\" class=\"slider-338 slide-82\" \/><img src=\"https:\/\/statistik.ulliform.se\/2014\/04\/Beda-483x677.jpg\" height=\"700\" width=\"500\" data-caption=\"Beda\" alt=\"\" class=\"slider-338 slide-83\" \/><img src=\"https:\/\/statistik.ulliform.se\/2014\/04\/Estrid-477x669.jpg\" height=\"700\" width=\"500\" data-caption=\"Estrid\" alt=\"\" class=\"slider-338 slide-84\" \/><img src=\"https:\/\/statistik.ulliform.se\/2014\/04\/Hilda-478x670.jpg\" height=\"700\" width=\"500\" data-caption=\"Hilda\" alt=\"\" class=\"slider-338 slide-86\" \/><img src=\"https:\/\/statistik.ulliform.se\/2014\/04\/Moa-480x673.jpg\" height=\"700\" width=\"500\" data-caption=\"Moa\" alt=\"\" class=\"slider-338 slide-87\" \/><img src=\"https:\/\/statistik.ulliform.se\/2014\/04\/Rut-477x669.jpg\" height=\"700\" width=\"500\" data-caption=\"Rut\" alt=\"\" class=\"slider-338 slide-89\" \/><img src=\"https:\/\/statistik.ulliform.se\/2014\/04\/Siri-479x672.jpg\" height=\"700\" width=\"500\" data-caption=\"Siri\" alt=\"\" class=\"slider-338 slide-90\" \/><img src=\"https:\/\/statistik.ulliform.se\/2014\/04\/HalsdukSiri-478x670.jpg\" height=\"700\" width=\"500\" data-caption=\"Siri Halsduk\" alt=\"\" class=\"slider-338 slide-85\" \/><img src=\"https:\/\/statistik.ulliform.se\/2014\/04\/VantarSiri-479x672.jpg\" height=\"700\" width=\"500\" data-caption=\"Siri Vante\" alt=\"\" class=\"slider-338 slide-91\" \/><img src=\"https:\/\/statistik.ulliform.se\/2014\/04\/PulsvSiri-479x672.jpg\" height=\"700\" width=\"500\" data-caption=\"Siri Pulsv&auml;rmare\" alt=\"\" class=\"slider-338 slide-88\" \/><img src=\"https:\/\/statistik.ulliform.se\/2014\/04\/Vera-482x675.jpg\" height=\"700\" width=\"500\" data-caption=\"Vera\" alt=\"\" class=\"slider-338 slide-92\" \/><\/div><\/div>\n        \n    <\/div>\n<\/div>\n<p>P\u00e5 bilderna ovan ser du v\u00e5r modell Caroline i\u00a0 olika m\u00f6ssor mm som vi \u00a0s\u00e4ljer som sticka-sj\u00e4lv kit. Dessa kit inneh\u00e5ller\u00a0 garn spunnet p\u00e5 ett j\u00e4mtl\u00e4ndskt minispinneri och en stickbeskrivning till vald modell. Ullen i garnet kommer fr\u00e5n J\u00e4mtlandsf\u00e5ret, som \u00e4r k\u00e4nt f\u00f6r sina mjukhet och glans. Om du vill k\u00f6pa ett kit att ge bort eller f\u00f6r att sticka sj\u00e4lv s\u00e5 kan du anv\u00e4nda formul\u00e4ret under fliken <a href=\"http:\/\/ulliform.se\/?page_id=175\" target=\"_blank\">Kontakt.<\/a><\/p>\n<p>&nbsp;<\/p>\n<p>&nbsp;<\/p>\n<p>&nbsp;<\/p>\n","protected":false},"excerpt":{"rendered":"<p>P\u00e5 bilderna ovan ser du v\u00e5r modell Caroline i\u00a0 olika m\u00f6ssor mm som vi \u00a0s\u00e4ljer som sticka-sj\u00e4lv kit. Dessa kit inneh\u00e5ller\u00a0 garn spunnet p\u00e5 ett j\u00e4mtl\u00e4ndskt minispinneri och en stickbeskrivning till vald modell. Ullen i garnet kommer fr\u00e5n J\u00e4mtlandsf\u00e5ret, som \u00e4r k\u00e4nt f\u00f6r sina mjukhet och glans. Om du vill k\u00f6pa ett kit att ge &hellip; <a href=\"https:\/\/ulliform.se\/?page_id=35\" class=\"more-link\">Forts\u00e4tt l\u00e4sa <span class=\"screen-reader-text\">Stick-Kit<\/span> <span class=\"meta-nav\">&rarr;<\/span><\/a><\/p>\n","protected":false},"author":1,"featured_media":0,"parent":0,"menu_order":0,"comment_status":"closed","ping_status":"closed","template":"","meta":{"_exactmetrics_skip_tracking":false,"_exactmetrics_sitenote_active":false,"_exactmetrics_sitenote_note":"","_exactmetrics_sitenote_category":0,"_monsterinsights_skip_tracking":false,"_monsterinsights_sitenote_active":false,"_monsterinsights_sitenote_note":"","_monsterinsights_sitenote_category":0},"_links":{"self":[{"href":"https:\/\/ulliform.se\/index.php?rest_route=\/wp\/v2\/pages\/35"}],"collection":[{"href":"https:\/\/ulliform.se\/index.php?rest_route=\/wp\/v2\/pages"}],"about":[{"href":"https:\/\/ulliform.se\/index.php?rest_route=\/wp\/v2\/types\/page"}],"author":[{"embeddable":true,"href":"https:\/\/ulliform.se\/index.php?rest_route=\/wp\/v2\/users\/1"}],"replies":[{"embeddable":true,"href":"https:\/\/ulliform.se\/index.php?rest_route=%2Fwp%2Fv2%2Fcomments&post=35"}],"version-history":[{"count":9,"href":"https:\/\/ulliform.se\/index.php?rest_route=\/wp\/v2\/pages\/35\/revisions"}],"predecessor-version":[{"id":341,"href":"https:\/\/ulliform.se\/index.php?rest_route=\/wp\/v2\/pages\/35\/revisions\/341"}],"wp:attachment":[{"href":"https:\/\/ulliform.se\/index.php?rest_route=%2Fwp%2Fv2%2Fmedia&parent=35"}],"curies":[{"name":"wp","href":"https:\/\/api.w.org\/{rel}","templated":true}]}}